{"id":1539,"date":"2019-09-16T16:21:46","date_gmt":"2019-09-16T16:21:46","guid":{"rendered":"https:\/\/demos.pixelgrade.com\/rosa2\/product\/import-placeholder-for-3975\/"},"modified":"2019-09-16T16:23:22","modified_gmt":"2019-09-16T16:23:22","slug":"cloud-loom-robe","status":"publish","type":"product","link":"https:\/\/demos.pixelgrade.com\/rosa2\/de\/product\/cloud-loom-robe\/","title":{"rendered":"Wolke Webstuhl Robe"},"content":{"rendered":"<p>Inspiriert von unseren meistverkauften Cloud Loom-Handt\u00fcchern aus Biobaumwolle, beginnt diese Robe mit der gleichen langstapeligen Baumwolle, die sich in Einzelschlaufen anf\u00fchlt, die sich dick und pl\u00fcschig anf\u00fchlen, aber dennoch hoch anf\u00fchlen. Das Aerospin-Verfahren richtet die Fasern in jedem Garn aus, wodurch der Bademantel genauso weich und saugf\u00e4hig ist wie unsere Handt\u00fccher, sich jedoch glatter und geschmeidiger anf\u00fchlt. Die klassische Silhouette mit Schalkragen schmiegt sich kuschelig und verf\u00fcgt \u00fcber einen verstellbaren G\u00fcrtel und Seitentaschen.<\/p>\n<ul>\n<li>100% Bio-Baumwolle aus der t\u00fcrkischen \u00c4g\u00e4is.<\/li>\n<li><a title=\"GOTS zertifizierter naturalista Blog\" href=\"https:\/\/www.coyuchi.com\/the-naturalista\/gots_certified\" target=\"_blank\" rel=\"noopener noreferrer\">GOTS zertifiziert.<\/a><\/li>\n<li>L\u00e4nge f\u00fcr Gr\u00f6\u00dfe S \/ M: 50 &quot;L.<\/li>\n<li><em><strong>Wir empfehlen, die Gr\u00f6\u00dfe zwischen den Gr\u00f6\u00dfen zu verkleinern und vor dem Gebrauch zu waschen, um eine passgenaue Passform zu erhalten.<\/strong><\/em><\/li>\n<\/ul>","protected":false},"excerpt":{"rendered":"<p>Treten Sie aus der Badewanne in eine Wolke mit einer klassischen Robensilhouette mit einem hohen, weichen und kuscheligen Schalkragen. Hergestellt aus 100% Bio-Baumwolle, die in der T\u00fcrkei angebaut und gewebt wird<\/p>","protected":false},"featured_media":1566,"template":"","meta":{"novablocks_hero_scroll_indicator":false,"novablocks_hero_position_indicators":false},"product_type":[4],"product_visibility":[],"product_cat":[81],"product_tag":[82,83,84,85,86],"product_shipping_class":[],"class_list":["post-1539","product","type-product","status-publish","has-post-thumbnail","hentry","product_cat-apparel","product_tag-apparel","product_tag-cozy","product_tag-fashion","product_tag-gear","product_tag-hygge"],"yoast_head":"<!-- This site is optimized with the Yoast SEO plugin v19.3 - https:\/\/yoast.com\/wordpress\/plugins\/seo\/ -->\n<title>Cloud Loom Robe - Rosa 2<\/title>\n<meta name=\"robots\" content=\"noindex, follow\" \/>\n<meta property=\"og:locale\" content=\"de_DE\" \/>\n<meta property=\"og:type\" content=\"article\" \/>\n<meta property=\"og:title\" content=\"Cloud Loom Robe - Rosa 2\" \/>\n<meta property=\"og:description\" content=\"Step out of the bath and into a cloud with a classic robe silhouette with a tall, plush and cozy shawl collar. Made from 100% organic cotton grown and woven in Turkey\" \/>\n<meta property=\"og:url\" content=\"https:\/\/demos.pixelgrade.com\/rosa2\/de\/produkt\/cloud-loom-robe\/\" \/>\n<meta property=\"og:site_name\" content=\"Rosa 2\" \/>\n<meta property=\"article:publisher\" content=\"https:\/\/www.facebook.com\/pixelgrademedia\/\" \/>\n<meta property=\"article:modified_time\" content=\"2019-09-16T16:23:22+00:00\" \/>\n<meta property=\"og:image\" content=\"https:\/\/demos.pixelgrade.com\/wp-content\/uploads\/sites\/104\/2019\/09\/cloud-loom-robe-thumb.jpg\" \/>\n\t<meta property=\"og:image:width\" content=\"760\" \/>\n\t<meta property=\"og:image:height\" content=\"760\" \/>\n\t<meta property=\"og:image:type\" content=\"image\/jpeg\" \/>\n<meta name=\"twitter:card\" content=\"summary\" \/>\n<meta name=\"twitter:site\" content=\"@pixelgrade\" \/>\n<meta name=\"twitter:label1\" content=\"Gesch\u00e4tzte Lesezeit\" \/>\n\t<meta name=\"twitter:data1\" content=\"1\u00a0Minute\" \/>\n<script type=\"application\/ld+json\" class=\"yoast-schema-graph\">{\"@context\":\"https:\/\/schema.org\",\"@graph\":[{\"@type\":\"Organization\",\"@id\":\"https:\/\/demos.pixelgrade.com\/rosa2\/#organization\",\"name\":\"Pixelgrade\",\"url\":\"https:\/\/demos.pixelgrade.com\/rosa2\/\",\"sameAs\":[\"http:\/\/pixelgrade\",\"https:\/\/www.facebook.com\/pixelgrademedia\/\",\"https:\/\/twitter.com\/pixelgrade\"],\"logo\":{\"@type\":\"ImageObject\",\"inLanguage\":\"de\",\"@id\":\"https:\/\/demos.pixelgrade.com\/rosa2\/#\/schema\/logo\/image\/\",\"url\":\"https:\/\/demos.pixelgrade.com\/rosa2\/wp-content\/uploads\/sites\/104\/2019\/09\/rosa2-logo-black.svg\",\"contentUrl\":\"https:\/\/demos.pixelgrade.com\/rosa2\/wp-content\/uploads\/sites\/104\/2019\/09\/rosa2-logo-black.svg\",\"width\":91,\"height\":22,\"caption\":\"Pixelgrade\"},\"image\":{\"@id\":\"https:\/\/demos.pixelgrade.com\/rosa2\/#\/schema\/logo\/image\/\"}},{\"@type\":\"WebSite\",\"@id\":\"https:\/\/demos.pixelgrade.com\/rosa2\/#website\",\"url\":\"https:\/\/demos.pixelgrade.com\/rosa2\/\",\"name\":\"Rosa 2 Demo\",\"description\":\"An Exquisite Restaurant Wordpress Theme\",\"publisher\":{\"@id\":\"https:\/\/demos.pixelgrade.com\/rosa2\/#organization\"},\"potentialAction\":[{\"@type\":\"SearchAction\",\"target\":{\"@type\":\"EntryPoint\",\"urlTemplate\":\"https:\/\/demos.pixelgrade.com\/rosa2\/?s={search_term_string}\"},\"query-input\":\"required name=search_term_string\"}],\"inLanguage\":\"de\"},{\"@type\":\"ImageObject\",\"inLanguage\":\"de\",\"@id\":\"https:\/\/demos.pixelgrade.com\/rosa2\/product\/cloud-loom-robe\/#primaryimage\",\"url\":\"https:\/\/demos.pixelgrade.com\/rosa2\/wp-content\/uploads\/sites\/104\/2019\/09\/cloud-loom-robe-thumb.jpg\",\"contentUrl\":\"https:\/\/demos.pixelgrade.com\/rosa2\/wp-content\/uploads\/sites\/104\/2019\/09\/cloud-loom-robe-thumb.jpg\",\"width\":760,\"height\":760},{\"@type\":\"WebPage\",\"@id\":\"https:\/\/demos.pixelgrade.com\/rosa2\/product\/cloud-loom-robe\/\",\"url\":\"https:\/\/demos.pixelgrade.com\/rosa2\/product\/cloud-loom-robe\/\",\"name\":\"Cloud Loom Robe - Rosa 2\",\"isPartOf\":{\"@id\":\"https:\/\/demos.pixelgrade.com\/rosa2\/#website\"},\"primaryImageOfPage\":{\"@id\":\"https:\/\/demos.pixelgrade.com\/rosa2\/product\/cloud-loom-robe\/#primaryimage\"},\"datePublished\":\"2019-09-16T16:21:46+00:00\",\"dateModified\":\"2019-09-16T16:23:22+00:00\",\"breadcrumb\":{\"@id\":\"https:\/\/demos.pixelgrade.com\/rosa2\/product\/cloud-loom-robe\/#breadcrumb\"},\"inLanguage\":\"de\",\"potentialAction\":[{\"@type\":\"ReadAction\",\"target\":[\"https:\/\/demos.pixelgrade.com\/rosa2\/product\/cloud-loom-robe\/\"]}]},{\"@type\":\"BreadcrumbList\",\"@id\":\"https:\/\/demos.pixelgrade.com\/rosa2\/product\/cloud-loom-robe\/#breadcrumb\",\"itemListElement\":[{\"@type\":\"ListItem\",\"position\":1,\"name\":\"Home\",\"item\":\"https:\/\/demos.pixelgrade.com\/rosa2\/\"},{\"@type\":\"ListItem\",\"position\":2,\"name\":\"Shop\",\"item\":\"https:\/\/demos.pixelgrade.com\/rosa2\/shop\/\"},{\"@type\":\"ListItem\",\"position\":3,\"name\":\"Cloud Loom Robe\"}]}]}<\/script>\n<!-- \/ Yoast SEO plugin. -->","yoast_head_json":{"title":"Cloud Loom Robe - Rosa 2","robots":{"index":"noindex","follow":"follow"},"og_locale":"de_DE","og_type":"article","og_title":"Cloud Loom Robe - Rosa 2","og_description":"Step out of the bath and into a cloud with a classic robe silhouette with a tall, plush and cozy shawl collar. Made from 100% organic cotton grown and woven in Turkey","og_url":"https:\/\/demos.pixelgrade.com\/rosa2\/de\/produkt\/cloud-loom-robe\/","og_site_name":"Rosa 2","article_publisher":"https:\/\/www.facebook.com\/pixelgrademedia\/","article_modified_time":"2019-09-16T16:23:22+00:00","og_image":[{"width":760,"height":760,"url":"https:\/\/demos.pixelgrade.com\/wp-content\/uploads\/sites\/104\/2019\/09\/cloud-loom-robe-thumb.jpg","type":"image\/jpeg"}],"twitter_card":"summary","twitter_site":"@pixelgrade","twitter_misc":{"Gesch\u00e4tzte Lesezeit":"1\u00a0Minute"},"schema":{"@context":"https:\/\/schema.org","@graph":[{"@type":"Organization","@id":"https:\/\/demos.pixelgrade.com\/rosa2\/#organization","name":"Pixelgrade","url":"https:\/\/demos.pixelgrade.com\/rosa2\/","sameAs":["http:\/\/pixelgrade","https:\/\/www.facebook.com\/pixelgrademedia\/","https:\/\/twitter.com\/pixelgrade"],"logo":{"@type":"ImageObject","inLanguage":"de","@id":"https:\/\/demos.pixelgrade.com\/rosa2\/#\/schema\/logo\/image\/","url":"https:\/\/demos.pixelgrade.com\/rosa2\/wp-content\/uploads\/sites\/104\/2019\/09\/rosa2-logo-black.svg","contentUrl":"https:\/\/demos.pixelgrade.com\/rosa2\/wp-content\/uploads\/sites\/104\/2019\/09\/rosa2-logo-black.svg","width":91,"height":22,"caption":"Pixelgrade"},"image":{"@id":"https:\/\/demos.pixelgrade.com\/rosa2\/#\/schema\/logo\/image\/"}},{"@type":"WebSite","@id":"https:\/\/demos.pixelgrade.com\/rosa2\/#website","url":"https:\/\/demos.pixelgrade.com\/rosa2\/","name":"Rosa 2 Demo","description":"An Exquisite Restaurant Wordpress Theme","publisher":{"@id":"https:\/\/demos.pixelgrade.com\/rosa2\/#organization"},"potentialAction":[{"@type":"SearchAction","target":{"@type":"EntryPoint","urlTemplate":"https:\/\/demos.pixelgrade.com\/rosa2\/?s={search_term_string}"},"query-input":"required name=search_term_string"}],"inLanguage":"de"},{"@type":"ImageObject","inLanguage":"de","@id":"https:\/\/demos.pixelgrade.com\/rosa2\/product\/cloud-loom-robe\/#primaryimage","url":"https:\/\/demos.pixelgrade.com\/rosa2\/wp-content\/uploads\/sites\/104\/2019\/09\/cloud-loom-robe-thumb.jpg","contentUrl":"https:\/\/demos.pixelgrade.com\/rosa2\/wp-content\/uploads\/sites\/104\/2019\/09\/cloud-loom-robe-thumb.jpg","width":760,"height":760},{"@type":"WebPage","@id":"https:\/\/demos.pixelgrade.com\/rosa2\/product\/cloud-loom-robe\/","url":"https:\/\/demos.pixelgrade.com\/rosa2\/product\/cloud-loom-robe\/","name":"Cloud Loom Robe - Rosa 2","isPartOf":{"@id":"https:\/\/demos.pixelgrade.com\/rosa2\/#website"},"primaryImageOfPage":{"@id":"https:\/\/demos.pixelgrade.com\/rosa2\/product\/cloud-loom-robe\/#primaryimage"},"datePublished":"2019-09-16T16:21:46+00:00","dateModified":"2019-09-16T16:23:22+00:00","breadcrumb":{"@id":"https:\/\/demos.pixelgrade.com\/rosa2\/product\/cloud-loom-robe\/#breadcrumb"},"inLanguage":"de","potentialAction":[{"@type":"ReadAction","target":["https:\/\/demos.pixelgrade.com\/rosa2\/product\/cloud-loom-robe\/"]}]},{"@type":"BreadcrumbList","@id":"https:\/\/demos.pixelgrade.com\/rosa2\/product\/cloud-loom-robe\/#breadcrumb","itemListElement":[{"@type":"ListItem","position":1,"name":"Home","item":"https:\/\/demos.pixelgrade.com\/rosa2\/"},{"@type":"ListItem","position":2,"name":"Shop","item":"https:\/\/demos.pixelgrade.com\/rosa2\/shop\/"},{"@type":"ListItem","position":3,"name":"Cloud Loom Robe"}]}]}},"jetpack_sharing_enabled":true,"_links":{"self":[{"href":"https:\/\/demos.pixelgrade.com\/rosa2\/de\/wp-json\/wp\/v2\/product\/1539","targetHints":{"allow":["GET"]}}],"collection":[{"href":"https:\/\/demos.pixelgrade.com\/rosa2\/de\/wp-json\/wp\/v2\/product"}],"about":[{"href":"https:\/\/demos.pixelgrade.com\/rosa2\/de\/wp-json\/wp\/v2\/types\/product"}],"wp:featuredmedia":[{"embeddable":true,"href":"https:\/\/demos.pixelgrade.com\/rosa2\/de\/wp-json\/wp\/v2\/media\/1566"}],"wp:attachment":[{"href":"https:\/\/demos.pixelgrade.com\/rosa2\/de\/wp-json\/wp\/v2\/media?parent=1539"}],"wp:term":[{"taxonomy":"product_type","embeddable":true,"href":"https:\/\/demos.pixelgrade.com\/rosa2\/de\/wp-json\/wp\/v2\/product_type?post=1539"},{"taxonomy":"product_visibility","embeddable":true,"href":"https:\/\/demos.pixelgrade.com\/rosa2\/de\/wp-json\/wp\/v2\/product_visibility?post=1539"},{"taxonomy":"product_cat","embeddable":true,"href":"https:\/\/demos.pixelgrade.com\/rosa2\/de\/wp-json\/wp\/v2\/product_cat?post=1539"},{"taxonomy":"product_tag","embeddable":true,"href":"https:\/\/demos.pixelgrade.com\/rosa2\/de\/wp-json\/wp\/v2\/product_tag?post=1539"},{"taxonomy":"product_shipping_class","embeddable":true,"href":"https:\/\/demos.pixelgrade.com\/rosa2\/de\/wp-json\/wp\/v2\/product_shipping_class?post=1539"}],"curies":[{"name":"wp","href":"https:\/\/api.w.org\/{rel}","templated":true}]}}